{"id":2,"date":"2025-12-29T14:46:46","date_gmt":"2025-12-29T14:46:46","guid":{"rendered":"https:\/\/centroveterinarioamezola.rkinformatika.online\/?page_id=2"},"modified":"2025-12-30T09:17:08","modified_gmt":"2025-12-30T09:17:08","slug":"inicio","status":"publish","type":"page","link":"https:\/\/centroveterinarioamezola.com\/eu\/","title":{"rendered":"Hasiera"},"content":{"rendered":"<div data-elementor-type=\"wp-page\" data-elementor-id=\"2\" class=\"elementor elementor-2\" data-elementor-post-type=\"page\">\n\t\t\t\t<div class=\"elementor-element elementor-element-c38d461 e-flex e-con-boxed e-con e-parent\" data-id=\"c38d461\" data-element_type=\"container\" data-e-type=\"container\" data-settings=\"{&quot;background_background&quot;:&quot;classic&quot;}\">\n\t\t\t\t\t<div class=\"e-con-inner\">\n\t\t<div class=\"elementor-element elementor-element-5865301 e-con-full e-flex e-con e-child\" data-id=\"5865301\" data-element_type=\"container\" data-e-type=\"container\">\n\t\t\t\t<div class=\"elementor-element elementor-element-0c7d5b2 elementor-invisible elementor-widget elementor-widget-heading\" data-id=\"0c7d5b2\" data-element_type=\"widget\" data-e-type=\"widget\" data-settings=\"{&quot;_animation&quot;:&quot;zoomIn&quot;}\" data-widget_type=\"heading.default\">\n\t\t\t\t\t<h2 class=\"elementor-heading-title elementor-size-default\">Zaintzen zaituena zaintzen dugu!<\/h2>\t\t\t\t<\/div>\n\t\t\t\t<\/div>\n\t\t\t\t\t<\/div>\n\t\t\t\t<\/div>\n\t\t<div class=\"elementor-element elementor-element-7601ac3 e-flex e-con-boxed e-con e-parent\" data-id=\"7601ac3\" data-element_type=\"container\" data-e-type=\"container\" data-settings=\"{&quot;background_background&quot;:&quot;classic&quot;}\">\n\t\t\t\t\t<div class=\"e-con-inner\">\n\t\t<div class=\"elementor-element elementor-element-5966af8 e-con-full e-flex e-con e-child\" data-id=\"5966af8\" data-element_type=\"container\" data-e-type=\"container\">\n\t\t\t\t<div class=\"elementor-element elementor-element-86ade42 elementor-flip-box--effect-zoom-in elementor-widget elementor-widget-flip-box\" data-id=\"86ade42\" data-element_type=\"widget\" data-e-type=\"widget\" data-widget_type=\"flip-box.default\">\n\t\t\t\t\t\t\t<div class=\"elementor-flip-box\" tabindex=\"0\">\n\t\t\t<div class=\"elementor-flip-box__layer elementor-flip-box__front\">\n\t\t\t\t<div class=\"elementor-flip-box__layer__overlay\">\n\t\t\t\t\t<div class=\"elementor-flip-box__layer__inner\">\n\t\t\t\t\t\t\n\t\t\t\t\t\t\n\t\t\t\t\t\t\t\t\t\t\t<\/div>\n\t\t\t\t<\/div>\n\t\t\t<\/div>\n\t\t\t<div class=\"elementor-flip-box__layer elementor-flip-box__back\">\n\t\t\t<div class=\"elementor-flip-box__layer__overlay\">\n\t\t\t\t<div class=\"elementor-flip-box__layer__inner\">\n\t\t\t\t\t\n\t\t\t\t\t\n\t\t\t\t\t\t\t\t<\/div>\n\t\t<\/div>\n\t\t<\/div>\n\t\t<\/div>\n\t\t\t\t\t\t<\/div>\n\t\t\t\t<\/div>\n\t\t<div class=\"elementor-element elementor-element-351893d e-con-full e-flex e-con e-child\" data-id=\"351893d\" data-element_type=\"container\" data-e-type=\"container\">\n\t\t\t\t<div class=\"elementor-element elementor-element-44d74be elementor-invisible elementor-widget elementor-widget-heading\" data-id=\"44d74be\" data-element_type=\"widget\" data-e-type=\"widget\" data-settings=\"{&quot;_animation&quot;:&quot;fadeIn&quot;,&quot;_animation_delay&quot;:50}\" data-widget_type=\"heading.default\">\n\t\t\t\t\t<h2 class=\"elementor-heading-title elementor-size-default\">Guri Buruz<\/h2>\t\t\t\t<\/div>\n\t\t\t\t<div class=\"elementor-element elementor-element-226ea8a elementor-invisible elementor-widget elementor-widget-heading\" data-id=\"226ea8a\" data-element_type=\"widget\" data-e-type=\"widget\" data-settings=\"{&quot;_animation&quot;:&quot;fadeIn&quot;,&quot;_animation_delay&quot;:100}\" data-widget_type=\"heading.default\">\n\t\t\t\t\t<h2 class=\"elementor-heading-title elementor-size-default\">AMEZOLA ALBAITARITZA-ZENTROA<\/h2>\t\t\t\t<\/div>\n\t\t\t\t<div class=\"elementor-element elementor-element-8c5c2fd elementor-widget elementor-widget-text-editor\" data-id=\"8c5c2fd\" data-element_type=\"widget\" data-e-type=\"widget\" data-widget_type=\"text-editor.default\">\n\t\t\t\t\t\t\t\t\t<p>20 urte baino gehiagoko esperientzia duen albaitaritza-zentroa gara, Bilboko erdigunearen bihotzean kokatua, eta ospe sendoa eraiki dugu urteetan zehar.<\/p>\t\t\t\t\t\t\t\t<\/div>\n\t\t\t\t<\/div>\n\t\t\t\t\t<\/div>\n\t\t\t\t<\/div>\n\t\t<div class=\"elementor-element elementor-element-ea4658a e-flex e-con-boxed e-con e-parent\" data-id=\"ea4658a\" data-element_type=\"container\" data-e-type=\"container\" data-settings=\"{&quot;background_background&quot;:&quot;classic&quot;}\">\n\t\t\t\t\t<div class=\"e-con-inner\">\n\t\t<div class=\"elementor-element elementor-element-74bcbb8 e-con-full e-flex e-con e-child\" data-id=\"74bcbb8\" data-element_type=\"container\" data-e-type=\"container\">\n\t\t\t\t<div class=\"elementor-element elementor-element-799381c elementor-invisible elementor-widget elementor-widget-heading\" data-id=\"799381c\" data-element_type=\"widget\" data-e-type=\"widget\" data-settings=\"{&quot;_animation&quot;:&quot;fadeIn&quot;,&quot;_animation_delay&quot;:50}\" data-widget_type=\"heading.default\">\n\t\t\t\t\t<h2 class=\"elementor-heading-title elementor-size-default\">konfiantza<\/h2>\t\t\t\t<\/div>\n\t\t\t\t<div class=\"elementor-element elementor-element-213d565 elementor-invisible elementor-widget elementor-widget-heading\" data-id=\"213d565\" data-element_type=\"widget\" data-e-type=\"widget\" data-settings=\"{&quot;_animation&quot;:&quot;fadeIn&quot;,&quot;_animation_delay&quot;:100}\" data-widget_type=\"heading.default\">\n\t\t\t\t\t<h2 class=\"elementor-heading-title elementor-size-default\">Konfiantza zuretzat. Osasuna beraientzat!<\/h2>\t\t\t\t<\/div>\n\t\t\t\t<div class=\"elementor-element elementor-element-6da5a46 elementor-widget elementor-widget-text-editor\" data-id=\"6da5a46\" data-element_type=\"widget\" data-e-type=\"widget\" data-widget_type=\"text-editor.default\">\n\t\t\t\t\t\t\t\t\t<p>Zerbitzu hurbila, pertsonalizatua eta kalitate handikoa eskaintzen dugu, betiere zure lankide leialenarentzat onena eta ongizatea bilatuz.<\/p>\t\t\t\t\t\t\t\t<\/div>\n\t\t\t\t<\/div>\n\t\t<div class=\"elementor-element elementor-element-05c80c9 e-con-full e-flex e-con e-child\" data-id=\"05c80c9\" data-element_type=\"container\" data-e-type=\"container\" data-settings=\"{&quot;background_background&quot;:&quot;classic&quot;}\">\n\t\t\t\t<div class=\"elementor-element elementor-element-8d8e69c elementor-flip-box--effect-zoom-in elementor-widget elementor-widget-flip-box\" data-id=\"8d8e69c\" data-element_type=\"widget\" data-e-type=\"widget\" data-widget_type=\"flip-box.default\">\n\t\t\t\t\t\t\t<div class=\"elementor-flip-box\" tabindex=\"0\">\n\t\t\t<div class=\"elementor-flip-box__layer elementor-flip-box__front\">\n\t\t\t\t<div class=\"elementor-flip-box__layer__overlay\">\n\t\t\t\t\t<div class=\"elementor-flip-box__layer__inner\">\n\t\t\t\t\t\t\n\t\t\t\t\t\t\n\t\t\t\t\t\t\t\t\t\t\t<\/div>\n\t\t\t\t<\/div>\n\t\t\t<\/div>\n\t\t\t<div class=\"elementor-flip-box__layer elementor-flip-box__back\">\n\t\t\t<div class=\"elementor-flip-box__layer__overlay\">\n\t\t\t\t<div class=\"elementor-flip-box__layer__inner\">\n\t\t\t\t\t\n\t\t\t\t\t\n\t\t\t\t\t\t\t\t<\/div>\n\t\t<\/div>\n\t\t<\/div>\n\t\t<\/div>\n\t\t\t\t\t\t<\/div>\n\t\t\t\t<\/div>\n\t\t\t\t\t<\/div>\n\t\t\t\t<\/div>\n\t\t<div class=\"elementor-element elementor-element-3d59a16 e-flex e-con-boxed e-con e-parent\" data-id=\"3d59a16\" data-element_type=\"container\" data-e-type=\"container\" data-settings=\"{&quot;background_background&quot;:&quot;classic&quot;}\">\n\t\t\t\t\t<div class=\"e-con-inner\">\n\t\t<div class=\"elementor-element elementor-element-f1186bf e-con-full e-flex e-con e-child\" data-id=\"f1186bf\" data-element_type=\"container\" data-e-type=\"container\" data-settings=\"{&quot;background_background&quot;:&quot;classic&quot;}\">\n\t\t\t\t<div class=\"elementor-element elementor-element-a6ad34d elementor-invisible elementor-widget elementor-widget-heading\" data-id=\"a6ad34d\" data-element_type=\"widget\" data-e-type=\"widget\" data-settings=\"{&quot;_animation&quot;:&quot;zoomIn&quot;}\" data-widget_type=\"heading.default\">\n\t\t\t\t\t<h2 class=\"elementor-heading-title elementor-size-default\">Zure maskota ez delako \u201cmaskota bat\u201d: familia da, eta hemen horrela tratatzen dugu!<\/h2>\t\t\t\t<\/div>\n\t\t\t\t<div class=\"elementor-element elementor-element-de7cef1 elementor-align-center elementor-invisible elementor-widget elementor-widget-button\" data-id=\"de7cef1\" data-element_type=\"widget\" data-e-type=\"widget\" data-settings=\"{&quot;_animation&quot;:&quot;zoomIn&quot;}\" data-widget_type=\"button.default\">\n\t\t\t\t\t\t\t\t\t\t<a class=\"elementor-button elementor-button-link elementor-size-sm elementor-animation-hang\" href=\"\/eu\/servicios\/\">\n\t\t\t\t\t\t<span class=\"elementor-button-content-wrapper\">\n\t\t\t\t\t\t\t\t\t<span class=\"elementor-button-text\">Zerbitzuak<\/span>\n\t\t\t\t\t<\/span>\n\t\t\t\t\t<\/a>\n\t\t\t\t\t\t\t\t<\/div>\n\t\t\t\t<\/div>\n\t\t\t\t\t<\/div>\n\t\t\t\t<\/div>\n\t\t<div class=\"elementor-element elementor-element-f72030c e-flex e-con-boxed e-con e-parent\" data-id=\"f72030c\" data-element_type=\"container\" data-e-type=\"container\" data-settings=\"{&quot;background_background&quot;:&quot;classic&quot;}\">\n\t\t\t\t\t<div class=\"e-con-inner\">\n\t\t<div class=\"elementor-element elementor-element-899f4ab e-con-full e-flex e-con e-child\" data-id=\"899f4ab\" data-element_type=\"container\" data-e-type=\"container\" data-settings=\"{&quot;background_background&quot;:&quot;classic&quot;}\">\n\t\t\t\t<div class=\"elementor-element elementor-element-ff50af0 elementor-flip-box--effect-fade elementor-widget elementor-widget-flip-box\" data-id=\"ff50af0\" data-element_type=\"widget\" data-e-type=\"widget\" data-widget_type=\"flip-box.default\">\n\t\t\t\t\t\t\t<div class=\"elementor-flip-box\" tabindex=\"0\">\n\t\t\t<div class=\"elementor-flip-box__layer elementor-flip-box__front\">\n\t\t\t\t<div class=\"elementor-flip-box__layer__overlay\">\n\t\t\t\t\t<div class=\"elementor-flip-box__layer__inner\">\n\t\t\t\t\t\t\t\t\t\t\t\t\t<div class=\"elementor-flip-box__image\">\n\t\t\t\t\t\t\t\t<img decoding=\"async\" src=\"https:\/\/centroveterinarioamezola.com\/wp-content\/uploads\/2025\/12\/placeholder-2.png\" title=\"\" alt=\"\" loading=\"lazy\" \/>\t\t\t\t\t\t\t<\/div>\n\t\t\t\t\t\t\n\t\t\t\t\t\t\n\t\t\t\t\t\t\t\t\t\t\t<\/div>\n\t\t\t\t<\/div>\n\t\t\t<\/div>\n\t\t\t<div class=\"elementor-flip-box__layer elementor-flip-box__back\">\n\t\t\t<div class=\"elementor-flip-box__layer__overlay\">\n\t\t\t\t<div class=\"elementor-flip-box__layer__inner\">\n\t\t\t\t\t\n\t\t\t\t\t\n\t\t\t\t\t\t\t\t<\/div>\n\t\t<\/div>\n\t\t<\/div>\n\t\t<\/div>\n\t\t\t\t\t\t<\/div>\n\t\t\t\t<\/div>\n\t\t<div class=\"elementor-element elementor-element-2347c2a e-con-full e-flex e-con e-child\" data-id=\"2347c2a\" data-element_type=\"container\" data-e-type=\"container\">\n\t\t\t\t<div class=\"elementor-element elementor-element-7433e75 elementor-invisible elementor-widget elementor-widget-heading\" data-id=\"7433e75\" data-element_type=\"widget\" data-e-type=\"widget\" data-settings=\"{&quot;_animation&quot;:&quot;fadeIn&quot;,&quot;_animation_delay&quot;:50}\" data-widget_type=\"heading.default\">\n\t\t\t\t\t<h2 class=\"elementor-heading-title elementor-size-default\">profesionala<\/h2>\t\t\t\t<\/div>\n\t\t\t\t<div class=\"elementor-element elementor-element-d9e45d1 elementor-invisible elementor-widget elementor-widget-heading\" data-id=\"d9e45d1\" data-element_type=\"widget\" data-e-type=\"widget\" data-settings=\"{&quot;_animation&quot;:&quot;fadeIn&quot;,&quot;_animation_delay&quot;:100}\" data-widget_type=\"heading.default\">\n\t\t\t\t\t<h2 class=\"elementor-heading-title elementor-size-default\">Non maitasunak ere sendatzen duen!<\/h2>\t\t\t\t<\/div>\n\t\t\t\t<div class=\"elementor-element elementor-element-f5e2b4b elementor-widget elementor-widget-text-editor\" data-id=\"f5e2b4b\" data-element_type=\"widget\" data-e-type=\"widget\" data-widget_type=\"text-editor.default\">\n\t\t\t\t\t\t\t\t\t<p>Gure profesional taldeak beharrezko arreta emateko konpromisoa du, bisita bakoitza zuretzat eta zure maskotarentzat esperientzia positiboa izango dela bermatuz.<\/p>\t\t\t\t\t\t\t\t<\/div>\n\t\t\t\t<\/div>\n\t\t\t\t\t<\/div>\n\t\t\t\t<\/div>\n\t\t\t\t<\/div>","protected":false},"excerpt":{"rendered":"<p>\u00a1Cuidamos de quien te cuida! Sobre nosotros CENTRO VETERINARIO AMEZOLA Somos un centro Veterinario con m\u00e1s de 20 a\u00f1os de experiencia ubicado en el coraz\u00f3n del centro de Bilbao, donde hemos construido una s\u00f3lida reputaci\u00f3n a lo largo de los a\u00f1os. confianza \u00a1Confianza para ti. Salud para ellos! Nos dedicamos a ofrecer un servicio cercano, [&hellip;]<\/p>\n","protected":false},"author":1,"featured_media":0,"parent":0,"menu_order":0,"comment_status":"closed","ping_status":"closed","template":"elementor_canvas","meta":{"footnotes":""},"class_list":["post-2","page","type-page","status-publish","hentry"],"yoast_head":"<!-- This site is optimized with the Yoast SEO plugin v27.4 - https:\/\/yoast.com\/product\/yoast-seo-wordpress\/ -->\n<title>Inicio - Centro Veterinario Amezola<\/title>\n<meta name=\"robots\" content=\"index, follow, max-snippet:-1, max-image-preview:large, max-video-preview:-1\" \/>\n<link rel=\"canonical\" href=\"https:\/\/centroveterinarioamezola.com\/eu\/\" \/>\n<meta property=\"og:locale\" content=\"en_US\" \/>\n<meta property=\"og:type\" content=\"article\" \/>\n<meta property=\"og:title\" content=\"Inicio - Centro Veterinario Amezola\" \/>\n<meta property=\"og:description\" content=\"\u00a1Cuidamos de quien te cuida! Sobre nosotros CENTRO VETERINARIO AMEZOLA Somos un centro Veterinario con m\u00e1s de 20 a\u00f1os de experiencia ubicado en el coraz\u00f3n del centro de Bilbao, donde hemos construido una s\u00f3lida reputaci\u00f3n a lo largo de los a\u00f1os. confianza \u00a1Confianza para ti. Salud para ellos! Nos dedicamos a ofrecer un servicio cercano, [&hellip;]\" \/>\n<meta property=\"og:url\" content=\"https:\/\/centroveterinarioamezola.com\/eu\/\" \/>\n<meta property=\"og:site_name\" content=\"Centro Veterinario Amezola\" \/>\n<meta property=\"article:modified_time\" content=\"2025-12-30T09:17:08+00:00\" \/>\n<meta property=\"og:image\" content=\"https:\/\/centroveterinarioamezola.com\/wp-content\/uploads\/2025\/12\/placeholder-2.png\" \/>\n<meta name=\"twitter:card\" content=\"summary_large_image\" \/>\n<meta name=\"twitter:label1\" content=\"Est. reading time\" \/>\n\t<meta name=\"twitter:data1\" content=\"1 minutua\" \/>\n<script type=\"application\/ld+json\" class=\"yoast-schema-graph\">{\"@context\":\"https:\\\/\\\/schema.org\",\"@graph\":[{\"@type\":\"WebPage\",\"@id\":\"https:\\\/\\\/centroveterinarioamezola.com\\\/\",\"url\":\"https:\\\/\\\/centroveterinarioamezola.com\\\/\",\"name\":\"Inicio - Centro Veterinario Amezola\",\"isPartOf\":{\"@id\":\"https:\\\/\\\/centroveterinarioamezola.com\\\/#website\"},\"primaryImageOfPage\":{\"@id\":\"https:\\\/\\\/centroveterinarioamezola.com\\\/#primaryimage\"},\"image\":{\"@id\":\"https:\\\/\\\/centroveterinarioamezola.com\\\/#primaryimage\"},\"thumbnailUrl\":\"https:\\\/\\\/centroveterinarioamezola.com\\\/wp-content\\\/uploads\\\/2025\\\/12\\\/placeholder-2.png\",\"datePublished\":\"2025-12-29T14:46:46+00:00\",\"dateModified\":\"2025-12-30T09:17:08+00:00\",\"breadcrumb\":{\"@id\":\"https:\\\/\\\/centroveterinarioamezola.com\\\/#breadcrumb\"},\"inLanguage\":\"eu\",\"potentialAction\":[{\"@type\":\"ReadAction\",\"target\":[\"https:\\\/\\\/centroveterinarioamezola.com\\\/\"]}]},{\"@type\":\"ImageObject\",\"inLanguage\":\"eu\",\"@id\":\"https:\\\/\\\/centroveterinarioamezola.com\\\/#primaryimage\",\"url\":\"https:\\\/\\\/centroveterinarioamezola.com\\\/wp-content\\\/uploads\\\/2025\\\/12\\\/placeholder-2.png\",\"contentUrl\":\"https:\\\/\\\/centroveterinarioamezola.com\\\/wp-content\\\/uploads\\\/2025\\\/12\\\/placeholder-2.png\"},{\"@type\":\"BreadcrumbList\",\"@id\":\"https:\\\/\\\/centroveterinarioamezola.com\\\/#breadcrumb\",\"itemListElement\":[{\"@type\":\"ListItem\",\"position\":1,\"name\":\"Portada\",\"item\":\"https:\\\/\\\/centroveterinarioamezola.com\\\/\"},{\"@type\":\"ListItem\",\"position\":2,\"name\":\"Inicio\"}]},{\"@type\":\"WebSite\",\"@id\":\"https:\\\/\\\/centroveterinarioamezola.com\\\/#website\",\"url\":\"https:\\\/\\\/centroveterinarioamezola.com\\\/\",\"name\":\"Centro Veterinario Amezola\",\"description\":\"Centro Veterinario Amezola\",\"publisher\":{\"@id\":\"https:\\\/\\\/centroveterinarioamezola.com\\\/#organization\"},\"potentialAction\":[{\"@type\":\"SearchAction\",\"target\":{\"@type\":\"EntryPoint\",\"urlTemplate\":\"https:\\\/\\\/centroveterinarioamezola.com\\\/?s={search_term_string}\"},\"query-input\":{\"@type\":\"PropertyValueSpecification\",\"valueRequired\":true,\"valueName\":\"search_term_string\"}}],\"inLanguage\":\"eu\"},{\"@type\":\"Organization\",\"@id\":\"https:\\\/\\\/centroveterinarioamezola.com\\\/#organization\",\"name\":\"Centro Veterinario Amezola\",\"url\":\"https:\\\/\\\/centroveterinarioamezola.com\\\/\",\"logo\":{\"@type\":\"ImageObject\",\"inLanguage\":\"eu\",\"@id\":\"https:\\\/\\\/centroveterinarioamezola.com\\\/#\\\/schema\\\/logo\\\/image\\\/\",\"url\":\"https:\\\/\\\/centroveterinarioamezola.com\\\/wp-content\\\/uploads\\\/2025\\\/12\\\/logo_web.png\",\"contentUrl\":\"https:\\\/\\\/centroveterinarioamezola.com\\\/wp-content\\\/uploads\\\/2025\\\/12\\\/logo_web.png\",\"width\":500,\"height\":195,\"caption\":\"Centro Veterinario Amezola\"},\"image\":{\"@id\":\"https:\\\/\\\/centroveterinarioamezola.com\\\/#\\\/schema\\\/logo\\\/image\\\/\"}}]}<\/script>\n<!-- \/ Yoast SEO plugin. -->","yoast_head_json":{"title":"Inicio - Centro Veterinario Amezola","robots":{"index":"index","follow":"follow","max-snippet":"max-snippet:-1","max-image-preview":"max-image-preview:large","max-video-preview":"max-video-preview:-1"},"canonical":"https:\/\/centroveterinarioamezola.com\/eu\/","og_locale":"en_US","og_type":"article","og_title":"Inicio - Centro Veterinario Amezola","og_description":"\u00a1Cuidamos de quien te cuida! Sobre nosotros CENTRO VETERINARIO AMEZOLA Somos un centro Veterinario con m\u00e1s de 20 a\u00f1os de experiencia ubicado en el coraz\u00f3n del centro de Bilbao, donde hemos construido una s\u00f3lida reputaci\u00f3n a lo largo de los a\u00f1os. confianza \u00a1Confianza para ti. Salud para ellos! Nos dedicamos a ofrecer un servicio cercano, [&hellip;]","og_url":"https:\/\/centroveterinarioamezola.com\/eu\/","og_site_name":"Centro Veterinario Amezola","article_modified_time":"2025-12-30T09:17:08+00:00","og_image":[{"url":"https:\/\/centroveterinarioamezola.com\/wp-content\/uploads\/2025\/12\/placeholder-2.png","type":"","width":"","height":""}],"twitter_card":"summary_large_image","twitter_misc":{"Est. reading time":"1 minutua"},"schema":{"@context":"https:\/\/schema.org","@graph":[{"@type":"WebPage","@id":"https:\/\/centroveterinarioamezola.com\/","url":"https:\/\/centroveterinarioamezola.com\/","name":"Inicio - Centro Veterinario Amezola","isPartOf":{"@id":"https:\/\/centroveterinarioamezola.com\/#website"},"primaryImageOfPage":{"@id":"https:\/\/centroveterinarioamezola.com\/#primaryimage"},"image":{"@id":"https:\/\/centroveterinarioamezola.com\/#primaryimage"},"thumbnailUrl":"https:\/\/centroveterinarioamezola.com\/wp-content\/uploads\/2025\/12\/placeholder-2.png","datePublished":"2025-12-29T14:46:46+00:00","dateModified":"2025-12-30T09:17:08+00:00","breadcrumb":{"@id":"https:\/\/centroveterinarioamezola.com\/#breadcrumb"},"inLanguage":"eu","potentialAction":[{"@type":"ReadAction","target":["https:\/\/centroveterinarioamezola.com\/"]}]},{"@type":"ImageObject","inLanguage":"eu","@id":"https:\/\/centroveterinarioamezola.com\/#primaryimage","url":"https:\/\/centroveterinarioamezola.com\/wp-content\/uploads\/2025\/12\/placeholder-2.png","contentUrl":"https:\/\/centroveterinarioamezola.com\/wp-content\/uploads\/2025\/12\/placeholder-2.png"},{"@type":"BreadcrumbList","@id":"https:\/\/centroveterinarioamezola.com\/#breadcrumb","itemListElement":[{"@type":"ListItem","position":1,"name":"Portada","item":"https:\/\/centroveterinarioamezola.com\/"},{"@type":"ListItem","position":2,"name":"Inicio"}]},{"@type":"WebSite","@id":"https:\/\/centroveterinarioamezola.com\/#website","url":"https:\/\/centroveterinarioamezola.com\/","name":"Centro Veterinario Amezola","description":"Centro Veterinario Amezola","publisher":{"@id":"https:\/\/centroveterinarioamezola.com\/#organization"},"potentialAction":[{"@type":"SearchAction","target":{"@type":"EntryPoint","urlTemplate":"https:\/\/centroveterinarioamezola.com\/?s={search_term_string}"},"query-input":{"@type":"PropertyValueSpecification","valueRequired":true,"valueName":"search_term_string"}}],"inLanguage":"eu"},{"@type":"Organization","@id":"https:\/\/centroveterinarioamezola.com\/#organization","name":"Centro Veterinario Amezola","url":"https:\/\/centroveterinarioamezola.com\/","logo":{"@type":"ImageObject","inLanguage":"eu","@id":"https:\/\/centroveterinarioamezola.com\/#\/schema\/logo\/image\/","url":"https:\/\/centroveterinarioamezola.com\/wp-content\/uploads\/2025\/12\/logo_web.png","contentUrl":"https:\/\/centroveterinarioamezola.com\/wp-content\/uploads\/2025\/12\/logo_web.png","width":500,"height":195,"caption":"Centro Veterinario Amezola"},"image":{"@id":"https:\/\/centroveterinarioamezola.com\/#\/schema\/logo\/image\/"}}]}},"_links":{"self":[{"href":"https:\/\/centroveterinarioamezola.com\/eu\/wp-json\/wp\/v2\/pages\/2","targetHints":{"allow":["GET"]}}],"collection":[{"href":"https:\/\/centroveterinarioamezola.com\/eu\/wp-json\/wp\/v2\/pages"}],"about":[{"href":"https:\/\/centroveterinarioamezola.com\/eu\/wp-json\/wp\/v2\/types\/page"}],"author":[{"embeddable":true,"href":"https:\/\/centroveterinarioamezola.com\/eu\/wp-json\/wp\/v2\/users\/1"}],"replies":[{"embeddable":true,"href":"https:\/\/centroveterinarioamezola.com\/eu\/wp-json\/wp\/v2\/comments?post=2"}],"version-history":[{"count":118,"href":"https:\/\/centroveterinarioamezola.com\/eu\/wp-json\/wp\/v2\/pages\/2\/revisions"}],"predecessor-version":[{"id":405,"href":"https:\/\/centroveterinarioamezola.com\/eu\/wp-json\/wp\/v2\/pages\/2\/revisions\/405"}],"wp:attachment":[{"href":"https:\/\/centroveterinarioamezola.com\/eu\/wp-json\/wp\/v2\/media?parent=2"}],"curies":[{"name":"wp","href":"https:\/\/api.w.org\/{rel}","templated":true}]}}